{"id":15115,"date":"2020-09-08T04:43:26","date_gmt":"2020-09-08T04:43:26","guid":{"rendered":"https:\/\/wpbingosite.com\/wordpress\/bedesk\/?page_id=15115"},"modified":"2026-02-25T16:08:37","modified_gmt":"2026-02-25T15:08:37","slug":"contact","status":"publish","type":"page","link":"https:\/\/madamestyle.fr\/staging\/contact\/","title":{"rendered":"Contact"},"content":{"rendered":"<p><img loading=\"lazy\" decoding=\"async\" width=\"1024\" height=\"1024\" src=\"https:\/\/madamestyle.fr\/wp-content\/uploads\/2024\/11\/mmestylePSWcontact-1024x1024.webp\" alt=\"\" srcset=\"https:\/\/madamestyle.fr\/wp-content\/uploads\/2024\/11\/mmestylePSWcontact-1024x1024.webp 1024w, https:\/\/madamestyle.fr\/wp-content\/uploads\/2024\/11\/mmestylePSWcontact-300x300.webp 300w, https:\/\/madamestyle.fr\/wp-content\/uploads\/2024\/11\/mmestylePSWcontact-150x150.webp 150w, https:\/\/madamestyle.fr\/wp-content\/uploads\/2024\/11\/mmestylePSWcontact-800x800.webp 800w, https:\/\/madamestyle.fr\/wp-content\/uploads\/2024\/11\/mmestylePSWcontact-768x768.webp 768w, https:\/\/madamestyle.fr\/wp-content\/uploads\/2024\/11\/mmestylePSWcontact-1536x1536.webp 1536w, https:\/\/madamestyle.fr\/wp-content\/uploads\/2024\/11\/mmestylePSWcontact-2048x2048.webp 2048w, https:\/\/madamestyle.fr\/wp-content\/uploads\/2024\/11\/mmestylePSWcontact-500x500.webp 500w\" sizes=\"auto, (max-width: 1024px) 100vw, 1024px\" \/>\t\t\t\t\t\t\t\t\t\t\t\t\t\t\t<\/p>\n<h1>Contactez-nous<\/h1>\n<p>Besoin d&rsquo;une information?<\/p>\n<p id=\"tw-target-text\" dir=\"ltr\" data-placeholder=\"Traduction\" data-ved=\"2ahUKEwij8v6Ulr2JAxXiU6QEHeVbMesQ3ewLegQIDBAU\" aria-label=\"Texte traduit\u00a0: Pour toutes demandes de clients, veuillez nous contacter \u00e0\u00a0: hello@hazelandfolk.com Veuillez pr\u00e9voir 24 \u00e0 48 heures pour que notre \u00e9quipe vous r\u00e9ponde.\">Pour toutes demandes de clients, veuillez nous contacter \u00e0 l&rsquo;adresse email suivante : <strong><a style=\"color: #003300;\" href=\"mailto:contact@madamestyle.fr\">contact@madamestyle.fr<\/a><\/strong><\/p>\n<p dir=\"ltr\" data-placeholder=\"Traduction\" data-ved=\"2ahUKEwij8v6Ulr2JAxXiU6QEHeVbMesQ3ewLegQIDBAU\" aria-label=\"Texte traduit\u00a0: Pour toutes demandes de clients, veuillez nous contacter \u00e0\u00a0: hello@hazelandfolk.com Veuillez pr\u00e9voir 24 \u00e0 48 heures pour que notre \u00e9quipe vous r\u00e9ponde.\"> Veuillez pr\u00e9voir 24 \u00e0 48 heures pour que notre \u00e9quipe vous r\u00e9ponde.<\/p>\n","protected":false},"excerpt":{"rendered":"<p>Contactez-nous Besoin d&rsquo;une information? Pour toutes demandes de clients, veuillez nous contacter \u00e0 l&rsquo;adresse email suivante : contact@madamestyle.fr Veuillez pr\u00e9voir 24 \u00e0 48 heures pour que notre \u00e9quipe vous r\u00e9ponde.<\/p>\n","protected":false},"author":1,"featured_media":0,"parent":0,"menu_order":0,"comment_status":"closed","ping_status":"closed","template":"elementor_header_footer","meta":{"footnotes":""},"class_list":["post-15115","page","type-page","status-publish","hentry"],"_links":{"self":[{"href":"https:\/\/madamestyle.fr\/staging\/wp-json\/wp\/v2\/pages\/15115","targetHints":{"allow":["GET"]}}],"collection":[{"href":"https:\/\/madamestyle.fr\/staging\/wp-json\/wp\/v2\/pages"}],"about":[{"href":"https:\/\/madamestyle.fr\/staging\/wp-json\/wp\/v2\/types\/page"}],"author":[{"embeddable":true,"href":"https:\/\/madamestyle.fr\/staging\/wp-json\/wp\/v2\/users\/1"}],"replies":[{"embeddable":true,"href":"https:\/\/madamestyle.fr\/staging\/wp-json\/wp\/v2\/comments?post=15115"}],"version-history":[{"count":3,"href":"https:\/\/madamestyle.fr\/staging\/wp-json\/wp\/v2\/pages\/15115\/revisions"}],"predecessor-version":[{"id":427177,"href":"https:\/\/madamestyle.fr\/staging\/wp-json\/wp\/v2\/pages\/15115\/revisions\/427177"}],"wp:attachment":[{"href":"https:\/\/madamestyle.fr\/staging\/wp-json\/wp\/v2\/media?parent=15115"}],"curies":[{"name":"wp","href":"https:\/\/api.w.org\/{rel}","templated":true}]}}