{"id":432093,"date":"2026-05-02T20:53:36","date_gmt":"2026-05-02T18:53:36","guid":{"rendered":"https:\/\/madamestyle.fr\/staging\/cookies\/"},"modified":"2026-05-02T20:53:36","modified_gmt":"2026-05-02T18:53:36","slug":"cookies","status":"publish","type":"page","link":"https:\/\/madamestyle.fr\/staging\/cookies\/","title":{"rendered":"Politique de cookies"},"content":{"rendered":"<p><em>Nous utilisons un minimum de cookies, et toujours dans votre int\u00e9r\u00eat.<\/em><\/p>\n\n<h2 class=\"wp-block-heading\">Qu&rsquo;est-ce qu&rsquo;un cookie ?<\/h2>\n<p>Un cookie est un petit fichier texte d\u00e9pos\u00e9 sur votre appareil lors de la consultation d&rsquo;un site web. Il permet au site de reconna\u00eetre votre navigateur et de m\u00e9moriser certaines informations (langue, panier, pr\u00e9f\u00e9rences).<\/p>\n\n<h2 class=\"wp-block-heading\">Cookies utilis\u00e9s sur madamestyle.fr<\/h2>\n\n<h3 class=\"wp-block-heading\">Cookies strictement n\u00e9cessaires<\/h3>\n<p>Indispensables au fonctionnement du site : panier, session de connexion, pr\u00e9f\u00e9rences de langue. Ces cookies ne n\u00e9cessitent pas votre consentement.<\/p>\n\n<h3 class=\"wp-block-heading\">Cookies de mesure d&rsquo;audience<\/h3>\n<p>Utilis\u00e9s pour comprendre comment les visiteurs utilisent notre site et l&rsquo;am\u00e9liorer. Donn\u00e9es anonymis\u00e9es.<\/p>\n\n<h3 class=\"wp-block-heading\">Cookies fonctionnels et marketing<\/h3>\n<p>Permettent de personnaliser votre exp\u00e9rience et de vous proposer du contenu pertinent. Soumis \u00e0 votre consentement explicite.<\/p>\n\n<h2 class=\"wp-block-heading\">G\u00e9rer vos pr\u00e9f\u00e9rences<\/h2>\n<p>Vous pouvez \u00e0 tout moment modifier vos choix de cookies en cliquant sur le bandeau de gestion des cookies, ou en param\u00e9trant votre navigateur pour bloquer les cookies. Notez que le blocage des cookies essentiels peut emp\u00eacher certaines fonctionnalit\u00e9s du site (panier, paiement).<\/p>\n\n<h2 class=\"wp-block-heading\">Dur\u00e9e de conservation<\/h2>\n<p>Les cookies sont conserv\u00e9s pour une dur\u00e9e maximale de 13 mois conform\u00e9ment \u00e0 la recommandation de la CNIL.<\/p>\n\n<h2 class=\"wp-block-heading\">Contact<\/h2>\n<p>Pour toute question relative \u00e0 notre politique de cookies : <a href=\"mailto:contact@madamestyle.fr\">contact@madamestyle.fr<\/a><\/p>","protected":false},"excerpt":{"rendered":"<p>Nous utilisons un minimum de cookies, et toujours dans votre int\u00e9r\u00eat. Qu&rsquo;est-ce qu&rsquo;un cookie ? Un cookie est un petit fichier texte d\u00e9pos\u00e9 sur votre appareil lors de la consultation d&rsquo;un site web. Il permet au site de reconna\u00eetre votre navigateur et de m\u00e9moriser certaines informations (langue, panier, pr\u00e9f\u00e9rences). Cookies utilis\u00e9s sur madamestyle.fr Cookies strictement [&hellip;]<\/p>\n","protected":false},"author":1,"featured_media":0,"parent":0,"menu_order":0,"comment_status":"closed","ping_status":"closed","template":"","meta":{"footnotes":""},"class_list":["post-432093","page","type-page","status-publish","hentry"],"_links":{"self":[{"href":"https:\/\/madamestyle.fr\/staging\/wp-json\/wp\/v2\/pages\/432093","targetHints":{"allow":["GET"]}}],"collection":[{"href":"https:\/\/madamestyle.fr\/staging\/wp-json\/wp\/v2\/pages"}],"about":[{"href":"https:\/\/madamestyle.fr\/staging\/wp-json\/wp\/v2\/types\/page"}],"author":[{"embeddable":true,"href":"https:\/\/madamestyle.fr\/staging\/wp-json\/wp\/v2\/users\/1"}],"replies":[{"embeddable":true,"href":"https:\/\/madamestyle.fr\/staging\/wp-json\/wp\/v2\/comments?post=432093"}],"version-history":[{"count":0,"href":"https:\/\/madamestyle.fr\/staging\/wp-json\/wp\/v2\/pages\/432093\/revisions"}],"wp:attachment":[{"href":"https:\/\/madamestyle.fr\/staging\/wp-json\/wp\/v2\/media?parent=432093"}],"curies":[{"name":"wp","href":"https:\/\/api.w.org\/{rel}","templated":true}]}}